{"id":519,"date":"2026-03-14T16:00:44","date_gmt":"2026-03-14T16:00:44","guid":{"rendered":"https:\/\/csvaran.ro\/?page_id=519"},"modified":"2026-04-17T13:47:54","modified_gmt":"2026-04-17T13:47:54","slug":"contact","status":"publish","type":"page","link":"https:\/\/csvaran.ro\/?page_id=519","title":{"rendered":"Contact"},"content":{"rendered":"\t\t<div data-elementor-type=\"wp-page\" data-elementor-id=\"519\" class=\"elementor elementor-519\">\n\t\t\t\t<div class=\"elementor-element elementor-element-18a83dc e-flex e-con-boxed e-con e-parent\" data-id=\"18a83dc\" data-element_type=\"container\" data-e-type=\"container\">\n\t\t\t\t\t<div class=\"e-con-inner\">\n\t\t\t\t<div class=\"elementor-element elementor-element-7a2ad04 elementor-widget elementor-widget-heading\" data-id=\"7a2ad04\" data-element_type=\"widget\" data-e-type=\"widget\" data-widget_type=\"heading.default\">\n\t\t\t\t\t<h2 class=\"elementor-heading-title elementor-size-default\"><p style=\"color: #FF0000 !important;font-size:30px!important\">Primul antrenament gratuit!<\/p><\/h2>\t\t\t\t<\/div>\n\t\t\t\t\t<\/div>\n\t\t\t\t<\/div>\n\t\t<div class=\"elementor-element elementor-element-6f76a44 e-flex e-con-boxed e-con e-parent\" data-id=\"6f76a44\" data-element_type=\"container\" data-e-type=\"container\">\n\t\t\t\t\t<div class=\"e-con-inner\">\n\t\t\t\t<div class=\"elementor-element elementor-element-7ba70f2 elementor-widget elementor-widget-google_maps\" data-id=\"7ba70f2\" data-element_type=\"widget\" data-e-type=\"widget\" data-widget_type=\"google_maps.default\">\n\t\t\t\t\t\t\t<div class=\"elementor-custom-embed\">\n\t\t\t<iframe loading=\"lazy\"\n\t\t\t\t\tsrc=\"https:\/\/maps.google.com\/maps?q=clubul%20sportiv%20varan&#038;t=m&#038;z=12&#038;output=embed&#038;iwloc=near\"\n\t\t\t\t\ttitle=\"clubul sportiv varan\"\n\t\t\t\t\taria-label=\"clubul sportiv varan\"\n\t\t\t><\/iframe>\n\t\t<\/div>\n\t\t\t\t\t\t<\/div>\n\t\t\t\t\t<\/div>\n\t\t\t\t<\/div>\n\t\t<div class=\"elementor-element elementor-element-9831c9c e-flex e-con-boxed e-con e-parent\" data-id=\"9831c9c\" data-element_type=\"container\" data-e-type=\"container\">\n\t\t\t\t\t<div class=\"e-con-inner\">\n\t\t\t\t<div class=\"elementor-element elementor-element-53146f4 elementor-widget-divider--view-line elementor-widget elementor-widget-divider\" data-id=\"53146f4\" data-element_type=\"widget\" data-e-type=\"widget\" data-widget_type=\"divider.default\">\n\t\t\t\t\t\t\t<div class=\"elementor-divider\">\n\t\t\t<span class=\"elementor-divider-separator\">\n\t\t\t\t\t\t<\/span>\n\t\t<\/div>\n\t\t\t\t\t\t<\/div>\n\t\t\t\t\t<\/div>\n\t\t\t\t<\/div>\n\t\t<div class=\"elementor-element elementor-element-1aae781 e-flex e-con-boxed e-con e-parent\" data-id=\"1aae781\" data-element_type=\"container\" data-e-type=\"container\">\n\t\t\t\t\t<div class=\"e-con-inner\">\n\t\t<div class=\"elementor-element elementor-element-a356dd0 e-grid e-con-full e-con e-child\" data-id=\"a356dd0\" data-element_type=\"container\" data-e-type=\"container\">\n\t\t\t\t<div class=\"elementor-element elementor-element-5994ddc elementor-widget elementor-widget-text-editor\" data-id=\"5994ddc\" data-element_type=\"widget\" data-e-type=\"widget\" data-widget_type=\"text-editor.default\">\n\t\t\t\t\t\t\t\t\t<h2>Varianta 1<\/h2><p style=\"color: tomato;\"><strong>Grupa copii 4 &#8211; 7 ani<\/strong><\/p><p>Luni, Miercuri \u0219i Vineri 17.00 &#8211; 17.50<\/p><p><strong>Grupa copii 8-12 ani (sau centuri galbene)<\/strong><\/p><p>Luni, Miercuri \u0219i Vineri 18.00 &#8211; 18.50<\/p><p><strong>Grupa copii 12 ani &#8211; adolescen\u021bi<\/strong><\/p><p>Luni, Miercuri \u0219i Vineri 19.00 &#8211; 19.50<\/p><p><strong>Adul\u021bi<\/strong><\/p><p>Luni, Miercuri \u0219i Vineri 20.00 &#8211; 21.30<\/p>\t\t\t\t\t\t\t\t<\/div>\n\t\t\t\t<div class=\"elementor-element elementor-element-6f7337e elementor-widget__width-initial elementor-widget elementor-widget-spacer\" data-id=\"6f7337e\" data-element_type=\"widget\" data-e-type=\"widget\" data-widget_type=\"spacer.default\">\n\t\t\t\t\t\t\t<div class=\"elementor-spacer\">\n\t\t\t<div class=\"elementor-spacer-inner\"><\/div>\n\t\t<\/div>\n\t\t\t\t\t\t<\/div>\n\t\t\t\t<div class=\"elementor-element elementor-element-bad81d9 elementor-widget elementor-widget-text-editor\" data-id=\"bad81d9\" data-element_type=\"widget\" data-e-type=\"widget\" data-widget_type=\"text-editor.default\">\n\t\t\t\t\t\t\t\t\t<h2>Varianta 2<\/h2><p style=\"color: tomato;\"><strong>Grupa copii 4 &#8211; 7 ani<\/strong><\/p><p>Mar\u021bi, Joi 18.00 &#8211; 18.50 \u0219i S\u00e2mb\u0103t\u0103 10.00 &#8211; 10.50<\/p><p><strong>Grupa copii 8-12 ani (sau centuri galbene)<\/strong><\/p><p>Mar\u021bi, Joi 19.00 &#8211; 19.50 \u0219i S\u00e2mb\u0103t\u0103 10.00 &#8211; 10.50<\/p><p><strong>Grupa copii 12 ani &#8211; adolescen\u021bi<\/strong><\/p><p>Mar\u021bi, Joi 20.00 &#8211; 20.50 \u0219i S\u00e2mb\u0103t\u0103 11.00 &#8211; 12.30<\/p>\t\t\t\t\t\t\t\t<\/div>\n\t\t\t\t<div class=\"elementor-element elementor-element-d135b9a elementor-widget__width-inherit elementor-widget elementor-widget-text-editor\" data-id=\"d135b9a\" data-element_type=\"widget\" data-e-type=\"widget\" data-widget_type=\"text-editor.default\">\n\t\t\t\t\t\t\t\t\t<p style=\"color: #ff0000 !important;\"><strong>Discipline: Autoap\u0103rare, Ju Jitsu, Karate, Street Fighting, Kobudo.<\/strong><\/p><p style=\"color: #ff0000 !important;\"><strong>Tipuri de antrenament: De grup sau private, pentru copii \u0219i adul\u021bi.<\/strong><\/p><p style=\"color: #ff0000 !important;\"><strong>Ofert\u0103: Primul antrenament este GRATUIT.<\/strong><\/p>\t\t\t\t\t\t\t\t<\/div>\n\t\t\t\t<\/div>\n\t\t\t\t\t<\/div>\n\t\t\t\t<\/div>\n\t\t<div class=\"elementor-element elementor-element-4e720e7 e-flex e-con-boxed e-con e-parent\" data-id=\"4e720e7\" data-element_type=\"container\" data-e-type=\"container\">\n\t\t\t\t\t<div class=\"e-con-inner\">\n\t\t\t\t\t<\/div>\n\t\t\t\t<\/div>\n\t\t<div class=\"elementor-element elementor-element-219ab7f e-flex e-con-boxed e-con e-parent\" data-id=\"219ab7f\" data-element_type=\"container\" data-e-type=\"container\">\n\t\t\t\t\t<div class=\"e-con-inner\">\n\t\t\t\t<div class=\"elementor-element elementor-element-991d435 elementor-widget elementor-widget-button\" data-id=\"991d435\" data-element_type=\"widget\" data-e-type=\"widget\" data-widget_type=\"button.default\">\n\t\t\t\t\t\t\t\t\t\t<a class=\"elementor-button elementor-button-link elementor-size-sm\" href=\"https:\/\/wa.me\/40722787252?text=Buna%20ziua!%20Doresc%20sa%20vin%20cu%20copilul%20la%20o%20lectie%20de%20proba.\" id=\"button contact\">\n\t\t\t\t\t\t<span class=\"elementor-button-content-wrapper\">\n\t\t\t\t\t\t\t\t\t<span class=\"elementor-button-text\">Vino la o lec\u021bie de prob\u0103<\/span>\n\t\t\t\t\t<\/span>\n\t\t\t\t\t<\/a>\n\t\t\t\t\t\t\t\t<\/div>\n\t\t\t\t\t<\/div>\n\t\t\t\t<\/div>\n\t\t\t\t<\/div>\n\t\t","protected":false},"excerpt":{"rendered":"<p>Primul antrenament gratuit! Varianta 1 Grupa copii 4 &#8211; 7 ani Luni, Miercuri \u0219i Vineri 17.00 &#8211; 17.50 Grupa copii 8-12 ani (sau centuri galbene) Luni, Miercuri \u0219i Vineri 18.00 &#8211; 18.50 Grupa copii 12 ani &#8211; adolescen\u021bi Luni, Miercuri \u0219i Vineri 19.00 &#8211; 19.50 Adul\u021bi Luni, Miercuri \u0219i Vineri 20.00 &#8211; 21.30 Varianta 2 [&hellip;]<\/p>\n","protected":false},"author":1,"featured_media":0,"parent":0,"menu_order":0,"comment_status":"closed","ping_status":"closed","template":"","meta":{"footnotes":""},"class_list":["post-519","page","type-page","status-publish","hentry"],"_links":{"self":[{"href":"https:\/\/csvaran.ro\/index.php?rest_route=\/wp\/v2\/pages\/519","targetHints":{"allow":["GET"]}}],"collection":[{"href":"https:\/\/csvaran.ro\/index.php?rest_route=\/wp\/v2\/pages"}],"about":[{"href":"https:\/\/csvaran.ro\/index.php?rest_route=\/wp\/v2\/types\/page"}],"author":[{"embeddable":true,"href":"https:\/\/csvaran.ro\/index.php?rest_route=\/wp\/v2\/users\/1"}],"replies":[{"embeddable":true,"href":"https:\/\/csvaran.ro\/index.php?rest_route=%2Fwp%2Fv2%2Fcomments&post=519"}],"version-history":[{"count":50,"href":"https:\/\/csvaran.ro\/index.php?rest_route=\/wp\/v2\/pages\/519\/revisions"}],"predecessor-version":[{"id":630,"href":"https:\/\/csvaran.ro\/index.php?rest_route=\/wp\/v2\/pages\/519\/revisions\/630"}],"wp:attachment":[{"href":"https:\/\/csvaran.ro\/index.php?rest_route=%2Fwp%2Fv2%2Fmedia&parent=519"}],"curies":[{"name":"wp","href":"https:\/\/api.w.org\/{rel}","templated":true}]}}